{"id":2039,"date":"2025-07-08T11:05:41","date_gmt":"2025-07-08T11:05:41","guid":{"rendered":"https:\/\/studiesenterkysten.no\/?page_id=2039"},"modified":"2026-03-26T10:51:29","modified_gmt":"2026-03-26T10:51:29","slug":"om-oss","status":"publish","type":"page","link":"https:\/\/studiesenterkysten.no\/index.php\/om-oss\/","title":{"rendered":"Om oss"},"content":{"rendered":"\t\t<div data-elementor-type=\"wp-page\" data-elementor-id=\"2039\" class=\"elementor elementor-2039\" data-elementor-settings=\"{&quot;ha_cmc_init_switcher&quot;:&quot;no&quot;}\">\n\t\t\t\t<div class=\"elementor-element elementor-element-f30ebe8 e-flex e-con-boxed e-con e-parent\" data-id=\"f30ebe8\" data-element_type=\"container\" data-e-type=\"container\" data-settings=\"{&quot;_ha_eqh_enable&quot;:false}\">\n\t\t\t\t\t<div class=\"e-con-inner\">\n\t\t<div class=\"elementor-element elementor-element-9e2c238 e-con-full e-flex e-con e-child\" data-id=\"9e2c238\" data-element_type=\"container\" data-e-type=\"container\" data-settings=\"{&quot;_ha_eqh_enable&quot;:false}\">\n\t\t\t\t<div class=\"elementor-element elementor-element-c127585 elementor-widget__width-initial elementor-widget elementor-widget-text-editor\" data-id=\"c127585\" data-element_type=\"widget\" data-e-type=\"widget\" data-widget_type=\"text-editor.default\">\n\t\t\t\t<div class=\"elementor-widget-container\">\n\t\t\t\t\t\t\t\t\t<h2>Om oss<\/h2><p><strong>Studiesenter Kysten er eit desentralisert studiesenter p\u00e5 kysten av fjordane i Vestland og er eit samarbeid mellom kommunane Askvoll, Fjaler, Hyllestad, H\u00f8yanger, Kinn og Solund.<\/strong><\/p><p>Vi arbeidar saman med det lokale arbeidslivet for \u00e5 bidra til relevant kompetanseheving der du bur, og \u00e5 skape eit godt studentmilj\u00f8 i din by eller bygd.<\/p><p>I ei tid der krava til produktivitet og det gr\u00f8ne skiftet aukar, blir kompetanse stadig viktigare for industrien og n\u00e6ringslivet. Teknologi gir nye moglegheiter og stiller nye krav, samstundes som det blir meir utfordrande \u00e5 rekruttere rett kompetanse. \u00c5 utvikle kompetanse internt blir derfor enno viktigare.<\/p><p>Alle kommunane har ein kompetansekoordinator som er dedikert til \u00e5 hjelpe arbeidslivet med \u00e5 leggje til rette for kurs og utdanningar som b\u00e5de kommune og bedrifter har behov for \u2013 kompetanseheving der du bur og arbeider.<\/p><p>Vi har etablert utdanningshubar i alle kommunane.<\/p><p>I tillegg til ein plass \u00e5 sitte og arbeide, kan du knytte kontakt med bedriftene i ditt lokalmilj\u00f8, vere med p\u00e5 n\u00e6ringsarrangement og delta p\u00e5 sosiale aktivitetar for studentane.<\/p><p>Utdanningshubane er kostnadsfrie for studentar.<\/p><p><a href=\"https:\/\/studiesenterkysten.no\/index.php\/kontakt\/\">Ta kontakt<\/a>\u00a0med din lokale kompetansekoordinator!<\/p>\t\t\t\t\t\t\t\t<\/div>\n\t\t\t\t<\/div>\n\t\t\t\t<\/div>\n\t\t<div class=\"elementor-element elementor-element-d6f34b9 e-con-full e-flex e-con e-child\" data-id=\"d6f34b9\" data-element_type=\"container\" data-e-type=\"container\" data-settings=\"{&quot;_ha_eqh_enable&quot;:false}\">\n\t\t\t\t<div class=\"elementor-element elementor-element-54d8867 elementor-widget elementor-widget-image\" data-id=\"54d8867\" data-element_type=\"widget\" data-e-type=\"widget\" data-widget_type=\"image.default\">\n\t\t\t\t<div class=\"elementor-widget-container\">\n\t\t\t\t\t\t\t\t\t\t\t\t\t\t\t<img fetchpriority=\"high\" decoding=\"async\" width=\"768\" height=\"1024\" src=\"https:\/\/studiesenterkysten.no\/wp-content\/uploads\/2026\/03\/SK-Om-oss-768x1024.jpg\" class=\"attachment-large size-large wp-image-2495\" alt=\"\" srcset=\"https:\/\/studiesenterkysten.no\/wp-content\/uploads\/2026\/03\/SK-Om-oss-768x1024.jpg 768w, https:\/\/studiesenterkysten.no\/wp-content\/uploads\/2026\/03\/SK-Om-oss-225x300.jpg 225w, https:\/\/studiesenterkysten.no\/wp-content\/uploads\/2026\/03\/SK-Om-oss-1152x1536.jpg 1152w, https:\/\/studiesenterkysten.no\/wp-content\/uploads\/2026\/03\/SK-Om-oss.jpg 1536w\" sizes=\"(max-width: 768px) 100vw, 768px\" \/>\t\t\t\t\t\t\t\t\t\t\t\t\t\t\t<\/div>\n\t\t\t\t<\/div>\n\t\t\t\t<\/div>\n\t\t\t\t\t<\/div>\n\t\t\t\t<\/div>\n\t\t\t\t<\/div>\n\t\t","protected":false},"excerpt":{"rendered":"<p>Om oss Studiesenter Kysten er eit desentralisert studiesenter p\u00e5 kysten av fjordane i Vestland og er eit samarbeid mellom kommunane Askvoll, Fjaler, Hyllestad, H\u00f8yanger, Kinn og Solund. Vi arbeidar saman<\/p>\n","protected":false},"author":2,"featured_media":0,"parent":0,"menu_order":0,"comment_status":"closed","ping_status":"closed","template":"","meta":{"footnotes":""},"class_list":["post-2039","page","type-page","status-publish","hentry"],"_links":{"self":[{"href":"https:\/\/studiesenterkysten.no\/index.php\/wp-json\/wp\/v2\/pages\/2039","targetHints":{"allow":["GET"]}}],"collection":[{"href":"https:\/\/studiesenterkysten.no\/index.php\/wp-json\/wp\/v2\/pages"}],"about":[{"href":"https:\/\/studiesenterkysten.no\/index.php\/wp-json\/wp\/v2\/types\/page"}],"author":[{"embeddable":true,"href":"https:\/\/studiesenterkysten.no\/index.php\/wp-json\/wp\/v2\/users\/2"}],"replies":[{"embeddable":true,"href":"https:\/\/studiesenterkysten.no\/index.php\/wp-json\/wp\/v2\/comments?post=2039"}],"version-history":[{"count":46,"href":"https:\/\/studiesenterkysten.no\/index.php\/wp-json\/wp\/v2\/pages\/2039\/revisions"}],"predecessor-version":[{"id":2498,"href":"https:\/\/studiesenterkysten.no\/index.php\/wp-json\/wp\/v2\/pages\/2039\/revisions\/2498"}],"wp:attachment":[{"href":"https:\/\/studiesenterkysten.no\/index.php\/wp-json\/wp\/v2\/media?parent=2039"}],"curies":[{"name":"wp","href":"https:\/\/api.w.org\/{rel}","templated":true}]}}