{"id":2385,"date":"2026-03-10T11:21:41","date_gmt":"2026-03-10T11:21:41","guid":{"rendered":"https:\/\/studiesenterkysten.no\/?page_id=2385"},"modified":"2026-03-26T07:19:53","modified_gmt":"2026-03-26T07:19:53","slug":"historie","status":"publish","type":"page","link":"https:\/\/studiesenterkysten.no\/index.php\/historie\/","title":{"rendered":"Historie"},"content":{"rendered":"\t\t<div data-elementor-type=\"wp-page\" data-elementor-id=\"2385\" class=\"elementor elementor-2385\" data-elementor-settings=\"{&quot;ha_cmc_init_switcher&quot;:&quot;no&quot;}\">\n\t\t\t\t<div class=\"elementor-element elementor-element-c1e1d80 e-flex e-con-boxed e-con e-parent\" data-id=\"c1e1d80\" data-element_type=\"container\" data-e-type=\"container\" data-settings=\"{&quot;_ha_eqh_enable&quot;:false}\">\n\t\t\t\t\t<div class=\"e-con-inner\">\n\t\t<div class=\"elementor-element elementor-element-b68590d e-con-full e-flex e-con e-child\" data-id=\"b68590d\" data-element_type=\"container\" data-e-type=\"container\" data-settings=\"{&quot;_ha_eqh_enable&quot;:false}\">\n\t\t\t\t<div class=\"elementor-element elementor-element-34f52cd elementor-widget__width-initial elementor-widget elementor-widget-text-editor\" data-id=\"34f52cd\" data-element_type=\"widget\" data-e-type=\"widget\" data-widget_type=\"text-editor.default\">\n\t\t\t\t<div class=\"elementor-widget-container\">\n\t\t\t\t\t\t\t\t\t<h2>Historie<\/h2><p>Aksello og M\u00e5l\u00f8y Vekst gjekk i 2023 saman for \u00e5 etablere gode desentraliserte utdanningar i regionen. Gjennom dette arbeidet blei det identifisert eit st\u00f8rre behov for \u00e5 sikre god geografisk spreiing av eit desentralisert utdanningstilbod. Det f\u00f8rte til eit samarbeid mellom kommunane Askvoll, Fjaler, Hyllestad, H\u00f8yanger, Kinn og Solund. Aksello tok rolla som prosjekteigar for etableringa av Studiesenter Kysten.<\/p><p>Studiesenter Kysten er i all hovedsak finansiert av Vestland Fylkeskommune, men \u00f2g lokale krefter som Sparebankstiftinga Sogn og Fjordane.<\/p>\t\t\t\t\t\t\t\t<\/div>\n\t\t\t\t<\/div>\n\t\t\t\t<\/div>\n\t\t<div class=\"elementor-element elementor-element-22314a4 e-con-full e-flex e-con e-child\" data-id=\"22314a4\" data-element_type=\"container\" data-e-type=\"container\" data-settings=\"{&quot;_ha_eqh_enable&quot;:false}\">\n\t\t\t\t<div class=\"elementor-element elementor-element-d822fe0 elementor-widget elementor-widget-image\" data-id=\"d822fe0\" data-element_type=\"widget\" data-e-type=\"widget\" data-widget_type=\"image.default\">\n\t\t\t\t<div class=\"elementor-widget-container\">\n\t\t\t\t\t\t\t\t\t\t\t\t\t\t\t<img fetchpriority=\"high\" decoding=\"async\" width=\"1024\" height=\"640\" src=\"https:\/\/studiesenterkysten.no\/wp-content\/uploads\/2023\/10\/by-1024x640.jpeg\" class=\"attachment-large size-large wp-image-52\" alt=\"\" srcset=\"https:\/\/studiesenterkysten.no\/wp-content\/uploads\/2023\/10\/by-1024x640.jpeg 1024w, https:\/\/studiesenterkysten.no\/wp-content\/uploads\/2023\/10\/by-300x188.jpeg 300w, https:\/\/studiesenterkysten.no\/wp-content\/uploads\/2023\/10\/by-768x480.jpeg 768w, https:\/\/studiesenterkysten.no\/wp-content\/uploads\/2023\/10\/by.jpeg 1200w\" sizes=\"(max-width: 1024px) 100vw, 1024px\" \/>\t\t\t\t\t\t\t\t\t\t\t\t\t\t\t<\/div>\n\t\t\t\t<\/div>\n\t\t\t\t<\/div>\n\t\t\t\t\t<\/div>\n\t\t\t\t<\/div>\n\t\t\t\t<\/div>\n\t\t","protected":false},"excerpt":{"rendered":"<p>Historie Aksello og M\u00e5l\u00f8y Vekst gjekk i 2023 saman for \u00e5 etablere gode desentraliserte utdanningar i regionen. Gjennom dette arbeidet blei det identifisert eit st\u00f8rre behov for \u00e5 sikre god<\/p>\n","protected":false},"author":2,"featured_media":0,"parent":0,"menu_order":0,"comment_status":"closed","ping_status":"closed","template":"","meta":{"footnotes":""},"class_list":["post-2385","page","type-page","status-publish","hentry"],"_links":{"self":[{"href":"https:\/\/studiesenterkysten.no\/index.php\/wp-json\/wp\/v2\/pages\/2385","targetHints":{"allow":["GET"]}}],"collection":[{"href":"https:\/\/studiesenterkysten.no\/index.php\/wp-json\/wp\/v2\/pages"}],"about":[{"href":"https:\/\/studiesenterkysten.no\/index.php\/wp-json\/wp\/v2\/types\/page"}],"author":[{"embeddable":true,"href":"https:\/\/studiesenterkysten.no\/index.php\/wp-json\/wp\/v2\/users\/2"}],"replies":[{"embeddable":true,"href":"https:\/\/studiesenterkysten.no\/index.php\/wp-json\/wp\/v2\/comments?post=2385"}],"version-history":[{"count":10,"href":"https:\/\/studiesenterkysten.no\/index.php\/wp-json\/wp\/v2\/pages\/2385\/revisions"}],"predecessor-version":[{"id":2487,"href":"https:\/\/studiesenterkysten.no\/index.php\/wp-json\/wp\/v2\/pages\/2385\/revisions\/2487"}],"wp:attachment":[{"href":"https:\/\/studiesenterkysten.no\/index.php\/wp-json\/wp\/v2\/media?parent=2385"}],"curies":[{"name":"wp","href":"https:\/\/api.w.org\/{rel}","templated":true}]}}