{"id":69,"date":"2023-10-19T08:24:17","date_gmt":"2023-10-19T08:24:17","guid":{"rendered":"https:\/\/studiesenterkysten.no\/?page_id=69"},"modified":"2026-03-10T12:02:21","modified_gmt":"2026-03-10T12:02:21","slug":"nyhende","status":"publish","type":"page","link":"https:\/\/studiesenterkysten.no\/index.php\/nyhende\/","title":{"rendered":"Nyhende"},"content":{"rendered":"\t\t<div data-elementor-type=\"wp-page\" data-elementor-id=\"69\" class=\"elementor elementor-69\" data-elementor-settings=\"{&quot;ha_cmc_init_switcher&quot;:&quot;no&quot;}\">\n\t\t\t\t<div class=\"elementor-element elementor-element-4ff423d e-flex e-con-boxed e-con e-parent\" data-id=\"4ff423d\" data-element_type=\"container\" data-e-type=\"container\" data-settings=\"{&quot;_ha_eqh_enable&quot;:false}\">\n\t\t\t\t\t<div class=\"e-con-inner\">\n\t\t\t\t<div class=\"elementor-element elementor-element-354630b elementor-widget elementor-widget-heading\" data-id=\"354630b\" data-element_type=\"widget\" data-e-type=\"widget\" data-widget_type=\"heading.default\">\n\t\t\t\t<div class=\"elementor-widget-container\">\n\t\t\t\t\t<h2 class=\"elementor-heading-title elementor-size-default\">Siste nyhende<\/h2>\t\t\t\t<\/div>\n\t\t\t\t<\/div>\n\t\t\t\t<div class=\"elementor-element elementor-element-ae1003f mgl-img-left elementor-widget elementor-widget-mgposts_list\" data-id=\"ae1003f\" data-element_type=\"widget\" data-e-type=\"widget\" data-widget_type=\"mgposts_list.default\">\n\t\t\t\t<div class=\"elementor-widget-container\">\n\t\t\t\t\t            <div id=\"mglp-items\" class=\"mgpd mp-display-list mgpdl style1\">\r\n                <div class=\"mgpdl-items\">\r\n                                            <div class=\"mgpdl-item mgpd-list mgp-mb-4 mgpdl-hasimg\">\r\n                            <div class=\"mgp-card mgpdl-card \">\r\n                                                                    <div class=\"mgpdl-img\">\r\n                                        <figure>\r\n                                            <a href=\"https:\/\/studiesenterkysten.no\/index.php\/2026\/03\/19\/hogt-engasjement-og-positive-tilbakemeldingar-etter-plp-kurs\/\" target=\"_self\">\r\n                                                <img fetchpriority=\"high\" decoding=\"async\" width=\"2560\" height=\"2146\" src=\"https:\/\/studiesenterkysten.no\/wp-content\/uploads\/2026\/03\/SK-nyhet-19.03.26-scaled.png\" class=\"attachment-post-thumbnail size-post-thumbnail wp-post-image\" alt=\"\" srcset=\"https:\/\/studiesenterkysten.no\/wp-content\/uploads\/2026\/03\/SK-nyhet-19.03.26-scaled.png 2560w, https:\/\/studiesenterkysten.no\/wp-content\/uploads\/2026\/03\/SK-nyhet-19.03.26-300x251.png 300w, https:\/\/studiesenterkysten.no\/wp-content\/uploads\/2026\/03\/SK-nyhet-19.03.26-1024x858.png 1024w, https:\/\/studiesenterkysten.no\/wp-content\/uploads\/2026\/03\/SK-nyhet-19.03.26-768x644.png 768w, https:\/\/studiesenterkysten.no\/wp-content\/uploads\/2026\/03\/SK-nyhet-19.03.26-1536x1288.png 1536w, https:\/\/studiesenterkysten.no\/wp-content\/uploads\/2026\/03\/SK-nyhet-19.03.26-2048x1717.png 2048w\" sizes=\"(max-width: 2560px) 100vw, 2560px\" \/>                                            <\/a>\r\n                                        <\/figure>\r\n                                    <\/div>\r\n                                                                <div class=\"mgp-card-body mgpdl-text\">\r\n                                                <div class=\"mppost-cats mpcat-all mp-post-cat\">\r\n                <span class=\"mgp-post-cats\"><a href=\"https:\/\/studiesenterkysten.no\/index.php\/category\/studiesenter-kysten\/\" rel=\"category tag\">Studiesenter Kysten<\/a>, <a href=\"https:\/\/studiesenterkysten.no\/index.php\/category\/siste-nyhende\/\" rel=\"category tag\">Siste nyhende<\/a><\/span>            <\/div>\r\n            <a class=\"mpp-title-link mp-post-title\" href=\"https:\/\/studiesenterkysten.no\/index.php\/2026\/03\/19\/hogt-engasjement-og-positive-tilbakemeldingar-etter-plp-kurs\/\">\r\n                <h4 class=\"mgp-ptitle\">H\u00f8gt engasjement og positive tilbakemeldingar&hellip;<\/h4>            <\/a>\r\n                <div class=\"mp-meta bottom-meta mgp-mb-2\">\r\n            <span class=\"mp-posts-date\"><i class=\"icon-mp-clock\"><\/i> mars 19, 2026<\/span>        <\/div>\r\n    \r\n                                                                            <p>\r\n                                            H\u00f8gt engasjement og positive tilbakemeldingar etter PLP-kursStudiesenter Kysten har nyleg gjennomf\u00f8rt eit sv\u00e6rt vellukka PLP Utviklingsevne-kurs med 15 engasjerte deltakarar...<\/p>\r\n                                                                        \r\n                    <a href=\"https:\/\/studiesenterkysten.no\/index.php\/2026\/03\/19\/hogt-engasjement-og-positive-tilbakemeldingar-etter-plp-kurs\/\" target=\"_self\" class=\"mp-post-btn link1\">\r\n                                <span>Les meir<\/span>\r\n                                    <span class=\"right\"><i class=\"fas fa-chevron-right\"><\/i><\/span>\r\n                            <\/a>\r\n        \r\n\r\n    \r\n                                <\/div>\r\n                            <\/div>\r\n                        <\/div>\r\n                                            <div class=\"mgpdl-item mgpd-list mgp-mb-4 mgpdl-hasimg\">\r\n                            <div class=\"mgp-card mgpdl-card \">\r\n                                                                    <div class=\"mgpdl-img\">\r\n                                        <figure>\r\n                                            <a href=\"https:\/\/studiesenterkysten.no\/index.php\/2026\/02\/16\/svaert-gode-tilbakemeldingar-etter-copilot-kurs-i-hyllestad\/\" target=\"_self\">\r\n                                                <img decoding=\"async\" width=\"2350\" height=\"1970\" src=\"https:\/\/studiesenterkysten.no\/wp-content\/uploads\/2026\/02\/Bilde-Copilot-kurs-SK7.png\" class=\"attachment-post-thumbnail size-post-thumbnail wp-post-image\" alt=\"\" srcset=\"https:\/\/studiesenterkysten.no\/wp-content\/uploads\/2026\/02\/Bilde-Copilot-kurs-SK7.png 2350w, https:\/\/studiesenterkysten.no\/wp-content\/uploads\/2026\/02\/Bilde-Copilot-kurs-SK7-300x251.png 300w, https:\/\/studiesenterkysten.no\/wp-content\/uploads\/2026\/02\/Bilde-Copilot-kurs-SK7-1024x858.png 1024w, https:\/\/studiesenterkysten.no\/wp-content\/uploads\/2026\/02\/Bilde-Copilot-kurs-SK7-768x644.png 768w, https:\/\/studiesenterkysten.no\/wp-content\/uploads\/2026\/02\/Bilde-Copilot-kurs-SK7-1536x1288.png 1536w, https:\/\/studiesenterkysten.no\/wp-content\/uploads\/2026\/02\/Bilde-Copilot-kurs-SK7-2048x1717.png 2048w\" sizes=\"(max-width: 2350px) 100vw, 2350px\" \/>                                            <\/a>\r\n                                        <\/figure>\r\n                                    <\/div>\r\n                                                                <div class=\"mgp-card-body mgpdl-text\">\r\n                                                <div class=\"mppost-cats mpcat-all mp-post-cat\">\r\n                <span class=\"mgp-post-cats\"><a href=\"https:\/\/studiesenterkysten.no\/index.php\/category\/studiesenter-kysten\/\" rel=\"category tag\">Studiesenter Kysten<\/a>, <a href=\"https:\/\/studiesenterkysten.no\/index.php\/category\/siste-nyhende\/\" rel=\"category tag\">Siste nyhende<\/a><\/span>            <\/div>\r\n            <a class=\"mpp-title-link mp-post-title\" href=\"https:\/\/studiesenterkysten.no\/index.php\/2026\/02\/16\/svaert-gode-tilbakemeldingar-etter-copilot-kurs-i-hyllestad\/\">\r\n                <h4 class=\"mgp-ptitle\">Sv\u00e6rt gode tilbakemeldingar etter Copilot-kurs&hellip;<\/h4>            <\/a>\r\n                <div class=\"mp-meta bottom-meta mgp-mb-2\">\r\n            <span class=\"mp-posts-date\"><i class=\"icon-mp-clock\"><\/i> februar 16, 2026<\/span>        <\/div>\r\n    \r\n                                                                            <p>\r\n                                            Denne veka arrangerte Studiesenter Kysten i samarbeid med Glasspaper eit kurs i Microsoft Copilot for tilsette i Hyllestad kommune. Kurset...<\/p>\r\n                                                                        \r\n                    <a href=\"https:\/\/studiesenterkysten.no\/index.php\/2026\/02\/16\/svaert-gode-tilbakemeldingar-etter-copilot-kurs-i-hyllestad\/\" target=\"_self\" class=\"mp-post-btn link1\">\r\n                                <span>Les meir<\/span>\r\n                                    <span class=\"right\"><i class=\"fas fa-chevron-right\"><\/i><\/span>\r\n                            <\/a>\r\n        \r\n\r\n    \r\n                                <\/div>\r\n                            <\/div>\r\n                        <\/div>\r\n                                            <div class=\"mgpdl-item mgpd-list mgp-mb-4 mgpdl-hasimg\">\r\n                            <div class=\"mgp-card mgpdl-card \">\r\n                                                                    <div class=\"mgpdl-img\">\r\n                                        <figure>\r\n                                            <a href=\"https:\/\/studiesenterkysten.no\/index.php\/2025\/04\/10\/prosjektleiing-i-leverandorindustrien\/\" target=\"_self\">\r\n                                                <img decoding=\"async\" width=\"2938\" height=\"2463\" src=\"https:\/\/studiesenterkysten.no\/wp-content\/uploads\/2025\/04\/Forsidebilde2-prosjektleiing-i-leverandorindustrien.png\" class=\"attachment-post-thumbnail size-post-thumbnail wp-post-image\" alt=\"\" srcset=\"https:\/\/studiesenterkysten.no\/wp-content\/uploads\/2025\/04\/Forsidebilde2-prosjektleiing-i-leverandorindustrien.png 2938w, https:\/\/studiesenterkysten.no\/wp-content\/uploads\/2025\/04\/Forsidebilde2-prosjektleiing-i-leverandorindustrien-300x251.png 300w, https:\/\/studiesenterkysten.no\/wp-content\/uploads\/2025\/04\/Forsidebilde2-prosjektleiing-i-leverandorindustrien-1024x858.png 1024w, https:\/\/studiesenterkysten.no\/wp-content\/uploads\/2025\/04\/Forsidebilde2-prosjektleiing-i-leverandorindustrien-768x644.png 768w, https:\/\/studiesenterkysten.no\/wp-content\/uploads\/2025\/04\/Forsidebilde2-prosjektleiing-i-leverandorindustrien-1536x1288.png 1536w, https:\/\/studiesenterkysten.no\/wp-content\/uploads\/2025\/04\/Forsidebilde2-prosjektleiing-i-leverandorindustrien-2048x1717.png 2048w\" sizes=\"(max-width: 2938px) 100vw, 2938px\" \/>                                            <\/a>\r\n                                        <\/figure>\r\n                                    <\/div>\r\n                                                                <div class=\"mgp-card-body mgpdl-text\">\r\n                                                <div class=\"mppost-cats mpcat-all mp-post-cat\">\r\n                <span class=\"mgp-post-cats\"><a href=\"https:\/\/studiesenterkysten.no\/index.php\/category\/studiesenter-kysten\/\" rel=\"category tag\">Studiesenter Kysten<\/a>, <a href=\"https:\/\/studiesenterkysten.no\/index.php\/category\/siste-nyhende\/\" rel=\"category tag\">Siste nyhende<\/a><\/span>            <\/div>\r\n            <a class=\"mpp-title-link mp-post-title\" href=\"https:\/\/studiesenterkysten.no\/index.php\/2025\/04\/10\/prosjektleiing-i-leverandorindustrien\/\">\r\n                <h4 class=\"mgp-ptitle\">Prosjektleiing i leverand\u00f8rindustrien<\/h4>            <\/a>\r\n                <div class=\"mp-meta bottom-meta mgp-mb-2\">\r\n            <span class=\"mp-posts-date\"><i class=\"icon-mp-clock\"><\/i> april 10, 2025<\/span>        <\/div>\r\n    \r\n                                                                            <p>\r\n                                            Bakgrunnsinformasjon: Studiesenter Kysten har tilrettelagt for eit studie i regi av Fagskulen p\u00e5 bestilling fr\u00e5 Stadyard som skulle inn i...<\/p>\r\n                                                                        \r\n                    <a href=\"https:\/\/studiesenterkysten.no\/index.php\/2025\/04\/10\/prosjektleiing-i-leverandorindustrien\/\" target=\"_self\" class=\"mp-post-btn link1\">\r\n                                <span>Les meir<\/span>\r\n                                    <span class=\"right\"><i class=\"fas fa-chevron-right\"><\/i><\/span>\r\n                            <\/a>\r\n        \r\n\r\n    \r\n                                <\/div>\r\n                            <\/div>\r\n                        <\/div>\r\n                                    <\/div>\r\n            <\/div>\r\n\r\n            \t\t\t\t<\/div>\n\t\t\t\t<\/div>\n\t\t\t\t\t<\/div>\n\t\t\t\t<\/div>\n\t\t\t\t<\/div>\n\t\t","protected":false},"excerpt":{"rendered":"<p>Siste nyhende Studiesenter Kysten, Siste nyhende Sv\u00e6rt gode tilbakemeldingar etter Copilot-kurs&hellip; februar 16, 2026 Denne veka arrangerte Studiesenter Kysten i samarbeid med Glasspaper eit kurs i Microsoft Copilot for tilsette<\/p>\n","protected":false},"author":1,"featured_media":0,"parent":0,"menu_order":0,"comment_status":"closed","ping_status":"closed","template":"mgp-template.php","meta":{"footnotes":""},"class_list":["post-69","page","type-page","status-publish","hentry"],"_links":{"self":[{"href":"https:\/\/studiesenterkysten.no\/index.php\/wp-json\/wp\/v2\/pages\/69","targetHints":{"allow":["GET"]}}],"collection":[{"href":"https:\/\/studiesenterkysten.no\/index.php\/wp-json\/wp\/v2\/pages"}],"about":[{"href":"https:\/\/studiesenterkysten.no\/index.php\/wp-json\/wp\/v2\/types\/page"}],"author":[{"embeddable":true,"href":"https:\/\/studiesenterkysten.no\/index.php\/wp-json\/wp\/v2\/users\/1"}],"replies":[{"embeddable":true,"href":"https:\/\/studiesenterkysten.no\/index.php\/wp-json\/wp\/v2\/comments?post=69"}],"version-history":[{"count":31,"href":"https:\/\/studiesenterkysten.no\/index.php\/wp-json\/wp\/v2\/pages\/69\/revisions"}],"predecessor-version":[{"id":2422,"href":"https:\/\/studiesenterkysten.no\/index.php\/wp-json\/wp\/v2\/pages\/69\/revisions\/2422"}],"wp:attachment":[{"href":"https:\/\/studiesenterkysten.no\/index.php\/wp-json\/wp\/v2\/media?parent=69"}],"curies":[{"name":"wp","href":"https:\/\/api.w.org\/{rel}","templated":true}]}}